{"id":1707,"date":"2023-07-31T07:21:16","date_gmt":"2023-07-31T05:21:16","guid":{"rendered":"http:\/\/www.modellbau-spiegelwald.de\/?page_id=1707"},"modified":"2023-08-02T10:17:12","modified_gmt":"2023-08-02T08:17:12","slug":"reg-jugendmeisterschaft-2023","status":"publish","type":"page","link":"http:\/\/www.modellbau-spiegelwald.de\/?page_id=1707","title":{"rendered":"Reg. Jugendmeisterschaft 2023"},"content":{"rendered":"\n<figure class=\"wp-block-image size-full\"><img loading=\"lazy\" decoding=\"async\" width=\"800\" height=\"479\" src=\"http:\/\/www.modellbau-spiegelwald.de\/wp-content\/uploads\/2023\/08\/Gruppenbild.jpg\" alt=\"\" class=\"wp-image-1740\" srcset=\"http:\/\/www.modellbau-spiegelwald.de\/wp-content\/uploads\/2023\/08\/Gruppenbild.jpg 800w, http:\/\/www.modellbau-spiegelwald.de\/wp-content\/uploads\/2023\/08\/Gruppenbild-300x180.jpg 300w, http:\/\/www.modellbau-spiegelwald.de\/wp-content\/uploads\/2023\/08\/Gruppenbild-768x460.jpg 768w, http:\/\/www.modellbau-spiegelwald.de\/wp-content\/uploads\/2023\/08\/Gruppenbild-180x108.jpg 180w\" sizes=\"auto, (max-width: 800px) 100vw, 800px\" \/><\/figure>\n\n\n\n<p>Am 30. Juli 2023 wurde die regionale Jugendmeisterschaft des DMFV im Vertretungsgebiet Sachsen ausgetragen.&nbsp;<\/p>\n\n\n\n<p>Unser Verein hatte als Gastgeber sein eindrucksvolles Fluggel\u00e4nde perfekt vorbereitet und garantierte optimale Bedingungen f\u00fcr den Wettbewerb bei gutem Wetter und fachkundiger Leitung.<\/p>\n\n\n\n<p>Diese M\u00f6glichkeit nutzten acht Jugendliche aus f\u00fcnf Vereinen, um hier die Sieger f\u00fcr die regionale Jugendmeisterschaft auszufliegen und damit die Teilnehmer f\u00fcr die deutsche Meisterschaft zu bestimmen, die bei der Siegerehrung die begehrten Einladungen f\u00fcr die Endausscheidung zusammen mit Pokal, Urkunde und Medaille in Empfang nahmen.<\/p>\n\n\n\n<p>Sowohl der Vorstand, als auch die Mitglieder haben den Wettbewerb hervorragend vorbereitet. Das Flugfeld war korrekt vorbereitet. Aber auch die reichhaltige Bewirtung der G\u00e4ste und Teilnehmer war sehr hervorragend organisiert.<\/p>\n\n\n\n<p>Dass hier nicht noch mehr Piloten die Chancen ergreifen konnten, in dieser freundschaftlichen Atmosph\u00e4re unvergessliche Stunden im Kreise von Gleichgesinnten und dem sch\u00f6nsten Hobby der Welt zu verbringen, wird einziger Wehmutstropfen bleiben.<\/p>\n\n\n\n<p>Umso mehr sind wir stolz auf alle Teilnehmer, die engagiert wie diszipliniert den Wettbewerb zu ihrem pers\u00f6nlichen Erfolg gemacht haben; wir werden allen Beteiligten gar nicht so viel danken k\u00f6nnen, wie sie es verdient h\u00e4tten und w\u00fcnschen viel Erfolg in der Zukunft.<\/p>\n\n\n\n<h2 class=\"wp-block-heading\">Ergebnisse regionale Jugendmeisterschaften 2023<\/h2>\n\n\n\n<div class=\"wp-block-columns is-layout-flex wp-container-core-columns-is-layout-9d6595d7 wp-block-columns-is-layout-flex\">\n<div class=\"wp-block-column is-layout-flow wp-block-column-is-layout-flow\">\n<figure class=\"wp-block-image size-large\"><img loading=\"lazy\" decoding=\"async\" width=\"1024\" height=\"663\" src=\"http:\/\/www.modellbau-spiegelwald.de\/wp-content\/uploads\/2023\/08\/Elektroflug-1024x663.png\" alt=\"\" class=\"wp-image-1731\" srcset=\"http:\/\/www.modellbau-spiegelwald.de\/wp-content\/uploads\/2023\/08\/Elektroflug-1024x663.png 1024w, http:\/\/www.modellbau-spiegelwald.de\/wp-content\/uploads\/2023\/08\/Elektroflug-300x194.png 300w, http:\/\/www.modellbau-spiegelwald.de\/wp-content\/uploads\/2023\/08\/Elektroflug-768x497.png 768w, http:\/\/www.modellbau-spiegelwald.de\/wp-content\/uploads\/2023\/08\/Elektroflug-863x559.png 863w, http:\/\/www.modellbau-spiegelwald.de\/wp-content\/uploads\/2023\/08\/Elektroflug-167x108.png 167w, http:\/\/www.modellbau-spiegelwald.de\/wp-content\/uploads\/2023\/08\/Elektroflug.png 1200w\" sizes=\"auto, (max-width: 1024px) 100vw, 1024px\" \/><\/figure>\n<\/div>\n\n\n\n<div class=\"wp-block-column is-layout-flow wp-block-column-is-layout-flow\">\n<figure class=\"wp-block-image size-large\"><img loading=\"lazy\" decoding=\"async\" width=\"1024\" height=\"286\" src=\"http:\/\/www.modellbau-spiegelwald.de\/wp-content\/uploads\/2023\/08\/elektro-1024x286.png\" alt=\"\" class=\"wp-image-1732\" srcset=\"http:\/\/www.modellbau-spiegelwald.de\/wp-content\/uploads\/2023\/08\/elektro-1024x286.png 1024w, http:\/\/www.modellbau-spiegelwald.de\/wp-content\/uploads\/2023\/08\/elektro-300x84.png 300w, http:\/\/www.modellbau-spiegelwald.de\/wp-content\/uploads\/2023\/08\/elektro-768x215.png 768w, http:\/\/www.modellbau-spiegelwald.de\/wp-content\/uploads\/2023\/08\/elektro-1536x430.png 1536w, http:\/\/www.modellbau-spiegelwald.de\/wp-content\/uploads\/2023\/08\/elektro-863x241.png 863w, http:\/\/www.modellbau-spiegelwald.de\/wp-content\/uploads\/2023\/08\/elektro-386x108.png 386w, http:\/\/www.modellbau-spiegelwald.de\/wp-content\/uploads\/2023\/08\/elektro.png 1784w\" sizes=\"auto, (max-width: 1024px) 100vw, 1024px\" \/><\/figure>\n<\/div>\n<\/div>\n\n\n\n<div class=\"wp-block-columns is-layout-flex wp-container-core-columns-is-layout-9d6595d7 wp-block-columns-is-layout-flex\">\n<div class=\"wp-block-column is-layout-flow wp-block-column-is-layout-flow\">\n<figure class=\"wp-block-image size-large\"><img loading=\"lazy\" decoding=\"async\" width=\"1024\" height=\"759\" src=\"http:\/\/www.modellbau-spiegelwald.de\/wp-content\/uploads\/2023\/08\/Expert1-1024x759.png\" alt=\"\" class=\"wp-image-1733\" srcset=\"http:\/\/www.modellbau-spiegelwald.de\/wp-content\/uploads\/2023\/08\/Expert1-1024x759.png 1024w, http:\/\/www.modellbau-spiegelwald.de\/wp-content\/uploads\/2023\/08\/Expert1-300x223.png 300w, http:\/\/www.modellbau-spiegelwald.de\/wp-content\/uploads\/2023\/08\/Expert1-768x570.png 768w, http:\/\/www.modellbau-spiegelwald.de\/wp-content\/uploads\/2023\/08\/Expert1-863x640.png 863w, http:\/\/www.modellbau-spiegelwald.de\/wp-content\/uploads\/2023\/08\/Expert1-146x108.png 146w, http:\/\/www.modellbau-spiegelwald.de\/wp-content\/uploads\/2023\/08\/Expert1.png 1200w\" sizes=\"auto, (max-width: 1024px) 100vw, 1024px\" \/><\/figure>\n<\/div>\n\n\n\n<div class=\"wp-block-column is-layout-flow wp-block-column-is-layout-flow\">\n<figure class=\"wp-block-image size-large\"><img loading=\"lazy\" decoding=\"async\" width=\"1024\" height=\"289\" src=\"http:\/\/www.modellbau-spiegelwald.de\/wp-content\/uploads\/2023\/08\/expert-1024x289.png\" alt=\"\" class=\"wp-image-1734\" srcset=\"http:\/\/www.modellbau-spiegelwald.de\/wp-content\/uploads\/2023\/08\/expert-1024x289.png 1024w, http:\/\/www.modellbau-spiegelwald.de\/wp-content\/uploads\/2023\/08\/expert-300x85.png 300w, http:\/\/www.modellbau-spiegelwald.de\/wp-content\/uploads\/2023\/08\/expert-768x217.png 768w, http:\/\/www.modellbau-spiegelwald.de\/wp-content\/uploads\/2023\/08\/expert-1536x433.png 1536w, http:\/\/www.modellbau-spiegelwald.de\/wp-content\/uploads\/2023\/08\/expert-863x243.png 863w, http:\/\/www.modellbau-spiegelwald.de\/wp-content\/uploads\/2023\/08\/expert-383x108.png 383w, http:\/\/www.modellbau-spiegelwald.de\/wp-content\/uploads\/2023\/08\/expert.png 1809w\" sizes=\"auto, (max-width: 1024px) 100vw, 1024px\" \/><\/figure>\n<\/div>\n<\/div>\n\n\n\n<div class=\"wp-block-columns is-layout-flex wp-container-core-columns-is-layout-9d6595d7 wp-block-columns-is-layout-flex\">\n<div class=\"wp-block-column is-layout-flow wp-block-column-is-layout-flow\">\n<figure class=\"wp-block-image size-full\"><img loading=\"lazy\" decoding=\"async\" width=\"800\" height=\"547\" src=\"http:\/\/www.modellbau-spiegelwald.de\/wp-content\/uploads\/2023\/08\/Freiflug1.png\" alt=\"\" class=\"wp-image-1737\" srcset=\"http:\/\/www.modellbau-spiegelwald.de\/wp-content\/uploads\/2023\/08\/Freiflug1.png 800w, http:\/\/www.modellbau-spiegelwald.de\/wp-content\/uploads\/2023\/08\/Freiflug1-300x205.png 300w, http:\/\/www.modellbau-spiegelwald.de\/wp-content\/uploads\/2023\/08\/Freiflug1-768x525.png 768w, http:\/\/www.modellbau-spiegelwald.de\/wp-content\/uploads\/2023\/08\/Freiflug1-158x108.png 158w\" sizes=\"auto, (max-width: 800px) 100vw, 800px\" \/><\/figure>\n<\/div>\n\n\n\n<div class=\"wp-block-column is-layout-flow wp-block-column-is-layout-flow\">\n<figure class=\"wp-block-image size-large\"><img loading=\"lazy\" decoding=\"async\" width=\"1024\" height=\"264\" src=\"http:\/\/www.modellbau-spiegelwald.de\/wp-content\/uploads\/2023\/08\/Freiflug-1-1024x264.png\" alt=\"\" class=\"wp-image-1736\" srcset=\"http:\/\/www.modellbau-spiegelwald.de\/wp-content\/uploads\/2023\/08\/Freiflug-1-1024x264.png 1024w, http:\/\/www.modellbau-spiegelwald.de\/wp-content\/uploads\/2023\/08\/Freiflug-1-300x77.png 300w, http:\/\/www.modellbau-spiegelwald.de\/wp-content\/uploads\/2023\/08\/Freiflug-1-768x198.png 768w, http:\/\/www.modellbau-spiegelwald.de\/wp-content\/uploads\/2023\/08\/Freiflug-1-1536x396.png 1536w, http:\/\/www.modellbau-spiegelwald.de\/wp-content\/uploads\/2023\/08\/Freiflug-1-863x223.png 863w, http:\/\/www.modellbau-spiegelwald.de\/wp-content\/uploads\/2023\/08\/Freiflug-1-419x108.png 419w, http:\/\/www.modellbau-spiegelwald.de\/wp-content\/uploads\/2023\/08\/Freiflug-1.png 1784w\" sizes=\"auto, (max-width: 1024px) 100vw, 1024px\" \/><\/figure>\n<\/div>\n<\/div>\n\n\n\n<div class=\"wp-block-columns is-layout-flex wp-container-core-columns-is-layout-9d6595d7 wp-block-columns-is-layout-flex\">\n<div class=\"wp-block-column is-layout-flow wp-block-column-is-layout-flow\">\n<figure class=\"wp-block-image size-full\"><img loading=\"lazy\" decoding=\"async\" width=\"800\" height=\"638\" src=\"http:\/\/www.modellbau-spiegelwald.de\/wp-content\/uploads\/2023\/08\/Junior.jpg\" alt=\"\" class=\"wp-image-1738\" srcset=\"http:\/\/www.modellbau-spiegelwald.de\/wp-content\/uploads\/2023\/08\/Junior.jpg 800w, http:\/\/www.modellbau-spiegelwald.de\/wp-content\/uploads\/2023\/08\/Junior-300x239.jpg 300w, http:\/\/www.modellbau-spiegelwald.de\/wp-content\/uploads\/2023\/08\/Junior-768x612.jpg 768w, http:\/\/www.modellbau-spiegelwald.de\/wp-content\/uploads\/2023\/08\/Junior-135x108.jpg 135w\" sizes=\"auto, (max-width: 800px) 100vw, 800px\" \/><\/figure>\n<\/div>\n\n\n\n<div class=\"wp-block-column is-layout-flow wp-block-column-is-layout-flow\">\n<figure class=\"wp-block-image size-large\"><img loading=\"lazy\" decoding=\"async\" width=\"1024\" height=\"200\" src=\"http:\/\/www.modellbau-spiegelwald.de\/wp-content\/uploads\/2023\/08\/Junior-1024x200.png\" alt=\"\" class=\"wp-image-1739\" srcset=\"http:\/\/www.modellbau-spiegelwald.de\/wp-content\/uploads\/2023\/08\/Junior-1024x200.png 1024w, http:\/\/www.modellbau-spiegelwald.de\/wp-content\/uploads\/2023\/08\/Junior-300x59.png 300w, http:\/\/www.modellbau-spiegelwald.de\/wp-content\/uploads\/2023\/08\/Junior-768x150.png 768w, http:\/\/www.modellbau-spiegelwald.de\/wp-content\/uploads\/2023\/08\/Junior-1536x301.png 1536w, http:\/\/www.modellbau-spiegelwald.de\/wp-content\/uploads\/2023\/08\/Junior-863x169.png 863w, http:\/\/www.modellbau-spiegelwald.de\/wp-content\/uploads\/2023\/08\/Junior-480x94.png 480w, http:\/\/www.modellbau-spiegelwald.de\/wp-content\/uploads\/2023\/08\/Junior.png 1783w\" sizes=\"auto, (max-width: 1024px) 100vw, 1024px\" \/><\/figure>\n<\/div>\n<\/div>\n\n\n\n<p><\/p>\n","protected":false},"excerpt":{"rendered":"<p>Am 30. Juli 2023 wurde die regionale Jugendmeisterschaft des DMFV im Vertretungsgebiet Sachsen ausgetragen.&nbsp; Unser Verein hatte als Gastgeber sein eindrucksvolles Fluggel\u00e4nde perfekt vorbereitet und garantierte optimale Bedingungen f\u00fcr den Wettbewerb bei gutem Wetter und fachkundiger Leitung. Diese M\u00f6glichkeit nutzten acht Jugendliche aus f\u00fcnf Vereinen, um hier die Sieger f\u00fcr die regionale Jugendmeisterschaft auszufliegen und &hellip; <a href=\"http:\/\/www.modellbau-spiegelwald.de\/?page_id=1707\" class=\"more-link\"><span class=\"screen-reader-text\">Reg. Jugendmeisterschaft 2023<\/span> weiterlesen<\/a><\/p>\n","protected":false},"author":2,"featured_media":0,"parent":0,"menu_order":0,"comment_status":"closed","ping_status":"closed","template":"","meta":{"__cvm_playback_settings":[],"__cvm_video_id":"","footnotes":""},"class_list":["post-1707","page","type-page","status-publish","hentry"],"jetpack_sharing_enabled":true,"_links":{"self":[{"href":"http:\/\/www.modellbau-spiegelwald.de\/index.php?rest_route=\/wp\/v2\/pages\/1707","targetHints":{"allow":["GET"]}}],"collection":[{"href":"http:\/\/www.modellbau-spiegelwald.de\/index.php?rest_route=\/wp\/v2\/pages"}],"about":[{"href":"http:\/\/www.modellbau-spiegelwald.de\/index.php?rest_route=\/wp\/v2\/types\/page"}],"author":[{"embeddable":true,"href":"http:\/\/www.modellbau-spiegelwald.de\/index.php?rest_route=\/wp\/v2\/users\/2"}],"replies":[{"embeddable":true,"href":"http:\/\/www.modellbau-spiegelwald.de\/index.php?rest_route=%2Fwp%2Fv2%2Fcomments&post=1707"}],"version-history":[{"count":4,"href":"http:\/\/www.modellbau-spiegelwald.de\/index.php?rest_route=\/wp\/v2\/pages\/1707\/revisions"}],"predecessor-version":[{"id":1744,"href":"http:\/\/www.modellbau-spiegelwald.de\/index.php?rest_route=\/wp\/v2\/pages\/1707\/revisions\/1744"}],"wp:attachment":[{"href":"http:\/\/www.modellbau-spiegelwald.de\/index.php?rest_route=%2Fwp%2Fv2%2Fmedia&parent=1707"}],"curies":[{"name":"wp","href":"https:\/\/api.w.org\/{rel}","templated":true}]}}