{"id":1768,"date":"2024-06-17T09:45:34","date_gmt":"2024-06-17T07:45:34","guid":{"rendered":"http:\/\/www.modellbau-spiegelwald.de\/?page_id=1768"},"modified":"2024-06-17T16:36:52","modified_gmt":"2024-06-17T14:36:52","slug":"reg-jugendmeisterschaft-2024","status":"publish","type":"page","link":"http:\/\/www.modellbau-spiegelwald.de\/?page_id=1768","title":{"rendered":"Reg. Jugendmeisterschaft 2024"},"content":{"rendered":"\n<p><\/p>\n\n\n\n<figure class=\"wp-block-image size-large\"><img decoding=\"async\" src=\"http:\/\/www.modellbau-spiegelwald.de\/wp-content\/uploads\/2024\/06\/Gruppenbild-1024x473.png\" alt=\"\" class=\"wp-image-1769\"\/><\/figure>\n\n\n\n<p>Am 16. Juni 2024 war es endlich so weit: Die regionale Jugendmeisterschaft des DMFV im Vertretungsgebiet Sachsen wurde ausgetragen! Der Modellbau Spiegelwald e.V. hatte als Gastgeber sein eindrucksvolles Fluggel\u00e4nde perfekt vorbereitet und garantierte optimale Bedingungen f\u00fcr den Wettbewerb bei bestem Wetter und fachkundiger Leitung.<\/p>\n\n\n\n<p>Diese einmalige Chance nutzten sechs Jugendliche aus drei Vereinen, um hier die Sieger f\u00fcr die regionale Jugendmeisterschaft auszufliegen und damit die Teilnehmer f\u00fcr die deutsche Meisterschaft zu bestimmen. Bei der Siegerehrung nahmen sie voller Stolz den begehrten Pokal, die Urkunde und die Medaille entgegen. Es ist schade, dass nicht noch mehr Piloten die Chance ergriffen haben, in dieser freundschaftlichen Atmosph\u00e4re unvergessliche Stunden im Kreise von Gleichgesinnten und dem sch\u00f6nsten Hobby der Welt zu verbringen. Aber wir sind auch sehr stolz auf alle Teilnehmer, die den Wettbewerb zu ihrem pers\u00f6nlichen Erfolg gemacht haben. Ihr seid gro\u00dfartig!<\/p>\n\n\n\n<p class=\"has-large-font-size\"><strong>Ergebnisse regionale Jugendmeisterschaften 2024<\/strong><\/p>\n\n\n\n<div class=\"wp-block-columns is-layout-flex wp-container-core-columns-is-layout-9d6595d7 wp-block-columns-is-layout-flex\">\n<div class=\"wp-block-column is-layout-flow wp-block-column-is-layout-flow\"><\/div>\n<\/div>\n\n\n\n<div class=\"wp-block-columns is-layout-flex wp-container-core-columns-is-layout-9d6595d7 wp-block-columns-is-layout-flex\">\n<div class=\"wp-block-column is-layout-flow wp-block-column-is-layout-flow\">\n<figure class=\"wp-block-image size-large\"><img loading=\"lazy\" decoding=\"async\" width=\"725\" height=\"1024\" src=\"http:\/\/www.modellbau-spiegelwald.de\/wp-content\/uploads\/2024\/06\/Elektro-Segelflug-725x1024.png\" alt=\"\" class=\"wp-image-2147\" srcset=\"http:\/\/www.modellbau-spiegelwald.de\/wp-content\/uploads\/2024\/06\/Elektro-Segelflug-725x1024.png 725w, http:\/\/www.modellbau-spiegelwald.de\/wp-content\/uploads\/2024\/06\/Elektro-Segelflug-212x300.png 212w, http:\/\/www.modellbau-spiegelwald.de\/wp-content\/uploads\/2024\/06\/Elektro-Segelflug-768x1085.png 768w, http:\/\/www.modellbau-spiegelwald.de\/wp-content\/uploads\/2024\/06\/Elektro-Segelflug-863x1220.png 863w, http:\/\/www.modellbau-spiegelwald.de\/wp-content\/uploads\/2024\/06\/Elektro-Segelflug-76x108.png 76w, http:\/\/www.modellbau-spiegelwald.de\/wp-content\/uploads\/2024\/06\/Elektro-Segelflug.png 900w\" sizes=\"auto, (max-width: 725px) 100vw, 725px\" \/><\/figure>\n<\/div>\n\n\n\n<div class=\"wp-block-column is-layout-flow wp-block-column-is-layout-flow\">\n<figure class=\"wp-block-image size-large\"><img loading=\"lazy\" decoding=\"async\" width=\"718\" height=\"1024\" src=\"http:\/\/www.modellbau-spiegelwald.de\/wp-content\/uploads\/2024\/06\/Expert-718x1024.png\" alt=\"\" class=\"wp-image-2148\" srcset=\"http:\/\/www.modellbau-spiegelwald.de\/wp-content\/uploads\/2024\/06\/Expert-718x1024.png 718w, http:\/\/www.modellbau-spiegelwald.de\/wp-content\/uploads\/2024\/06\/Expert-210x300.png 210w, http:\/\/www.modellbau-spiegelwald.de\/wp-content\/uploads\/2024\/06\/Expert-768x1095.png 768w, http:\/\/www.modellbau-spiegelwald.de\/wp-content\/uploads\/2024\/06\/Expert-863x1230.png 863w, http:\/\/www.modellbau-spiegelwald.de\/wp-content\/uploads\/2024\/06\/Expert-76x108.png 76w, http:\/\/www.modellbau-spiegelwald.de\/wp-content\/uploads\/2024\/06\/Expert.png 900w\" sizes=\"auto, (max-width: 718px) 100vw, 718px\" \/><\/figure>\n<\/div>\n<\/div>\n\n\n\n<div class=\"wp-block-columns is-layout-flex wp-container-core-columns-is-layout-9d6595d7 wp-block-columns-is-layout-flex\">\n<div class=\"wp-block-column is-layout-flow wp-block-column-is-layout-flow\">\n<figure class=\"wp-block-image size-large\"><img loading=\"lazy\" decoding=\"async\" width=\"727\" height=\"1024\" src=\"http:\/\/www.modellbau-spiegelwald.de\/wp-content\/uploads\/2024\/06\/Freiflug-727x1024.png\" alt=\"\" class=\"wp-image-2149\" srcset=\"http:\/\/www.modellbau-spiegelwald.de\/wp-content\/uploads\/2024\/06\/Freiflug-727x1024.png 727w, http:\/\/www.modellbau-spiegelwald.de\/wp-content\/uploads\/2024\/06\/Freiflug-213x300.png 213w, http:\/\/www.modellbau-spiegelwald.de\/wp-content\/uploads\/2024\/06\/Freiflug-768x1082.png 768w, http:\/\/www.modellbau-spiegelwald.de\/wp-content\/uploads\/2024\/06\/Freiflug-863x1216.png 863w, http:\/\/www.modellbau-spiegelwald.de\/wp-content\/uploads\/2024\/06\/Freiflug-77x108.png 77w, http:\/\/www.modellbau-spiegelwald.de\/wp-content\/uploads\/2024\/06\/Freiflug.png 900w\" sizes=\"auto, (max-width: 727px) 100vw, 727px\" \/><\/figure>\n<\/div>\n\n\n\n<div class=\"wp-block-column is-layout-flow wp-block-column-is-layout-flow\">\n<figure class=\"wp-block-image size-large\"><img loading=\"lazy\" decoding=\"async\" width=\"733\" height=\"1024\" src=\"http:\/\/www.modellbau-spiegelwald.de\/wp-content\/uploads\/2024\/06\/F-Sclepp-733x1024.png\" alt=\"\" class=\"wp-image-2150\" srcset=\"http:\/\/www.modellbau-spiegelwald.de\/wp-content\/uploads\/2024\/06\/F-Sclepp-733x1024.png 733w, http:\/\/www.modellbau-spiegelwald.de\/wp-content\/uploads\/2024\/06\/F-Sclepp-215x300.png 215w, http:\/\/www.modellbau-spiegelwald.de\/wp-content\/uploads\/2024\/06\/F-Sclepp-768x1073.png 768w, http:\/\/www.modellbau-spiegelwald.de\/wp-content\/uploads\/2024\/06\/F-Sclepp-863x1205.png 863w, http:\/\/www.modellbau-spiegelwald.de\/wp-content\/uploads\/2024\/06\/F-Sclepp-77x108.png 77w, http:\/\/www.modellbau-spiegelwald.de\/wp-content\/uploads\/2024\/06\/F-Sclepp.png 900w\" sizes=\"auto, (max-width: 733px) 100vw, 733px\" \/><\/figure>\n<\/div>\n<\/div>\n\n\n\n<div class=\"wp-block-columns is-layout-flex wp-container-core-columns-is-layout-9d6595d7 wp-block-columns-is-layout-flex\">\n<div class=\"wp-block-column is-layout-flow wp-block-column-is-layout-flow\">\n<figure class=\"wp-block-image size-large\"><img loading=\"lazy\" decoding=\"async\" width=\"696\" height=\"1024\" src=\"http:\/\/www.modellbau-spiegelwald.de\/wp-content\/uploads\/2024\/06\/Junior-696x1024.png\" alt=\"\" class=\"wp-image-2151\" srcset=\"http:\/\/www.modellbau-spiegelwald.de\/wp-content\/uploads\/2024\/06\/Junior-696x1024.png 696w, http:\/\/www.modellbau-spiegelwald.de\/wp-content\/uploads\/2024\/06\/Junior-204x300.png 204w, http:\/\/www.modellbau-spiegelwald.de\/wp-content\/uploads\/2024\/06\/Junior-768x1130.png 768w, http:\/\/www.modellbau-spiegelwald.de\/wp-content\/uploads\/2024\/06\/Junior-863x1270.png 863w, http:\/\/www.modellbau-spiegelwald.de\/wp-content\/uploads\/2024\/06\/Junior-73x108.png 73w, http:\/\/www.modellbau-spiegelwald.de\/wp-content\/uploads\/2024\/06\/Junior.png 900w\" sizes=\"auto, (max-width: 696px) 100vw, 696px\" \/><\/figure>\n<\/div>\n\n\n\n<div class=\"wp-block-column is-layout-flow wp-block-column-is-layout-flow\"><\/div>\n<\/div>\n","protected":false},"excerpt":{"rendered":"<p>Am 16. Juni 2024 war es endlich so weit: Die regionale Jugendmeisterschaft des DMFV im Vertretungsgebiet Sachsen wurde ausgetragen! Der Modellbau Spiegelwald e.V. hatte als Gastgeber sein eindrucksvolles Fluggel\u00e4nde perfekt vorbereitet und garantierte optimale Bedingungen f\u00fcr den Wettbewerb bei bestem Wetter und fachkundiger Leitung. Diese einmalige Chance nutzten sechs Jugendliche aus drei Vereinen, um hier &hellip; <a href=\"http:\/\/www.modellbau-spiegelwald.de\/?page_id=1768\" class=\"more-link\"><span class=\"screen-reader-text\">Reg. Jugendmeisterschaft 2024<\/span> weiterlesen<\/a><\/p>\n","protected":false},"author":2,"featured_media":0,"parent":0,"menu_order":0,"comment_status":"closed","ping_status":"closed","template":"","meta":{"__cvm_playback_settings":[],"__cvm_video_id":"","footnotes":""},"class_list":["post-1768","page","type-page","status-publish","hentry"],"jetpack_sharing_enabled":true,"_links":{"self":[{"href":"http:\/\/www.modellbau-spiegelwald.de\/index.php?rest_route=\/wp\/v2\/pages\/1768","targetHints":{"allow":["GET"]}}],"collection":[{"href":"http:\/\/www.modellbau-spiegelwald.de\/index.php?rest_route=\/wp\/v2\/pages"}],"about":[{"href":"http:\/\/www.modellbau-spiegelwald.de\/index.php?rest_route=\/wp\/v2\/types\/page"}],"author":[{"embeddable":true,"href":"http:\/\/www.modellbau-spiegelwald.de\/index.php?rest_route=\/wp\/v2\/users\/2"}],"replies":[{"embeddable":true,"href":"http:\/\/www.modellbau-spiegelwald.de\/index.php?rest_route=%2Fwp%2Fv2%2Fcomments&post=1768"}],"version-history":[{"count":5,"href":"http:\/\/www.modellbau-spiegelwald.de\/index.php?rest_route=\/wp\/v2\/pages\/1768\/revisions"}],"predecessor-version":[{"id":2152,"href":"http:\/\/www.modellbau-spiegelwald.de\/index.php?rest_route=\/wp\/v2\/pages\/1768\/revisions\/2152"}],"wp:attachment":[{"href":"http:\/\/www.modellbau-spiegelwald.de\/index.php?rest_route=%2Fwp%2Fv2%2Fmedia&parent=1768"}],"curies":[{"name":"wp","href":"https:\/\/api.w.org\/{rel}","templated":true}]}}