{"id":2684,"date":"2025-07-29T13:56:28","date_gmt":"2025-07-29T11:56:28","guid":{"rendered":"http:\/\/www.modellbau-spiegelwald.de\/?page_id=2684"},"modified":"2025-07-29T14:05:12","modified_gmt":"2025-07-29T12:05:12","slug":"10-jahre-modellbau-spiegelwald-e-v","status":"publish","type":"page","link":"http:\/\/www.modellbau-spiegelwald.de\/?page_id=2684","title":{"rendered":"10 Jahre Modellbau Spiegelwald e.V."},"content":{"rendered":"\n<figure class=\"wp-block-image size-large\"><img loading=\"lazy\" decoding=\"async\" width=\"1024\" height=\"685\" src=\"http:\/\/www.modellbau-spiegelwald.de\/wp-content\/uploads\/2025\/07\/Logo-10-Jahre-1-1024x685.jpg\" alt=\"\" class=\"wp-image-2685\" srcset=\"http:\/\/www.modellbau-spiegelwald.de\/wp-content\/uploads\/2025\/07\/Logo-10-Jahre-1-1024x685.jpg 1024w, http:\/\/www.modellbau-spiegelwald.de\/wp-content\/uploads\/2025\/07\/Logo-10-Jahre-1-300x201.jpg 300w, http:\/\/www.modellbau-spiegelwald.de\/wp-content\/uploads\/2025\/07\/Logo-10-Jahre-1-768x514.jpg 768w, http:\/\/www.modellbau-spiegelwald.de\/wp-content\/uploads\/2025\/07\/Logo-10-Jahre-1-1536x1027.jpg 1536w, http:\/\/www.modellbau-spiegelwald.de\/wp-content\/uploads\/2025\/07\/Logo-10-Jahre-1-863x577.jpg 863w, http:\/\/www.modellbau-spiegelwald.de\/wp-content\/uploads\/2025\/07\/Logo-10-Jahre-1-162x108.jpg 162w, http:\/\/www.modellbau-spiegelwald.de\/wp-content\/uploads\/2025\/07\/Logo-10-Jahre-1.jpg 2046w\" sizes=\"auto, (max-width: 1024px) 100vw, 1024px\" \/><\/figure>\n\n\n\n<p>10 Jahre \u201eThe FLY SOCIETY\u201c Bernsbach \u2013 gegr\u00fcndet 2015 von neun Modellbau-Enthusiasten mit der Leidenschaft f\u00fcr den Modellbau und einer gemeinsamen Vision, die mehr war als nur fliegen \u2013 sie wollten etwas Bleibendes schaffen: ihren eigenen Flugplatz, ihr zweites Zuhause.<\/p>\n\n\n\n<p>Was einst auf einem einfachen Acker begann, wurde mit Herzblut, Teamgeist und unz\u00e4hligen Stunden Arbeit zu dem, was wir heute mit Stolz unseren Flugplatz nennen d\u00fcrfen. Ein Ort, an dem Generationen und Modellbauinteressierte zusammenkommen, Ideen abheben und der Treibstoff unserer Geschichte entsteht.<\/p>\n\n\n\n<p>Unser Flugplatz ist mehr als nur eine Wiese \u2013 er ist das Ergebnis unserer Vision, unserer Gemeinschaft und unseres unerm\u00fcdlichen Engagements. Und er steht offen f\u00fcr alle, die den Traum vom Fliegen teilen.<\/p>\n\n\n\n<p>Wir blicken dankbar zur\u00fcck auf ein Jahrzehnt voller unvergesslicher Momente, technischer T\u00fcftelei und echter Begeisterung \u2013 und sagen aus tiefstem Herzen Danke: an unsere Mitglieder, Unterst\u00fctzer, Freunde und Familien. Ohne euch w\u00e4re all das nicht m\u00f6glich gewesen.<\/p>\n\n\n\n<p>THE FLY SOCIETY \u2013 Bernsbach Gemeinsam fliegen wir weiter<\/p>\n","protected":false},"excerpt":{"rendered":"<p>10 Jahre \u201eThe FLY SOCIETY\u201c Bernsbach \u2013 gegr\u00fcndet 2015 von neun Modellbau-Enthusiasten mit der Leidenschaft f\u00fcr den Modellbau und einer gemeinsamen Vision, die mehr war als nur fliegen \u2013 sie wollten etwas Bleibendes schaffen: ihren eigenen Flugplatz, ihr zweites Zuhause. Was einst auf einem einfachen Acker begann, wurde mit Herzblut, Teamgeist und unz\u00e4hligen Stunden Arbeit &hellip; <a href=\"http:\/\/www.modellbau-spiegelwald.de\/?page_id=2684\" class=\"more-link\"><span class=\"screen-reader-text\">10 Jahre Modellbau Spiegelwald e.V.<\/span> weiterlesen<\/a><\/p>\n","protected":false},"author":3,"featured_media":2679,"parent":0,"menu_order":0,"comment_status":"closed","ping_status":"closed","template":"","meta":{"__cvm_playback_settings":[],"__cvm_video_id":"","footnotes":""},"class_list":["post-2684","page","type-page","status-publish","has-post-thumbnail","hentry"],"jetpack_sharing_enabled":true,"_links":{"self":[{"href":"http:\/\/www.modellbau-spiegelwald.de\/index.php?rest_route=\/wp\/v2\/pages\/2684","targetHints":{"allow":["GET"]}}],"collection":[{"href":"http:\/\/www.modellbau-spiegelwald.de\/index.php?rest_route=\/wp\/v2\/pages"}],"about":[{"href":"http:\/\/www.modellbau-spiegelwald.de\/index.php?rest_route=\/wp\/v2\/types\/page"}],"author":[{"embeddable":true,"href":"http:\/\/www.modellbau-spiegelwald.de\/index.php?rest_route=\/wp\/v2\/users\/3"}],"replies":[{"embeddable":true,"href":"http:\/\/www.modellbau-spiegelwald.de\/index.php?rest_route=%2Fwp%2Fv2%2Fcomments&post=2684"}],"version-history":[{"count":1,"href":"http:\/\/www.modellbau-spiegelwald.de\/index.php?rest_route=\/wp\/v2\/pages\/2684\/revisions"}],"predecessor-version":[{"id":2686,"href":"http:\/\/www.modellbau-spiegelwald.de\/index.php?rest_route=\/wp\/v2\/pages\/2684\/revisions\/2686"}],"wp:featuredmedia":[{"embeddable":true,"href":"http:\/\/www.modellbau-spiegelwald.de\/index.php?rest_route=\/wp\/v2\/media\/2679"}],"wp:attachment":[{"href":"http:\/\/www.modellbau-spiegelwald.de\/index.php?rest_route=%2Fwp%2Fv2%2Fmedia&parent=2684"}],"curies":[{"name":"wp","href":"https:\/\/api.w.org\/{rel}","templated":true}]}}