{"id":51,"date":"2020-02-19T14:39:45","date_gmt":"2020-02-19T13:39:45","guid":{"rendered":"http:\/\/www.modellbau-spiegelwald.de\/?page_id=51"},"modified":"2024-09-05T14:48:33","modified_gmt":"2024-09-05T12:48:33","slug":"flugplatz","status":"publish","type":"page","link":"http:\/\/www.modellbau-spiegelwald.de\/?page_id=51","title":{"rendered":"Flugplatz"},"content":{"rendered":"\n<p>Unser Flugplatz liegt im s\u00e4chsischen Westerzgebirge auf einer H\u00f6he von ca. 700m \u00fcber NN. etwa 300m entfernt von der \u201eNeue Gr\u00fcnhainer Stra\u00dfe\u201c zwischen den Ortsteilen Bernsbach und Gr\u00fcnhain und ist unter folgenden Koordinaten zu finden:<\/p>\n\n\n\n<p>50\u00b0 35\u2032 07\u2033 N ; 12\u00b0 46\u2032 26\u2033 O<\/p>\n\n\n\n<figure class=\"wp-block-image size-full\"><a href=\"https:\/\/www.google.de\/maps\/@50.5856569,12.7738218,402m\/data=!3m1!1e3?hl=de\" target=\"_blank\" rel=\"noreferrer noopener\"><img loading=\"lazy\" decoding=\"async\" width=\"550\" height=\"480\" src=\"http:\/\/www.modellbau-spiegelwald.de\/wp-content\/uploads\/2022\/07\/Platz.jpg\" alt=\"\" class=\"wp-image-1163\" srcset=\"http:\/\/www.modellbau-spiegelwald.de\/wp-content\/uploads\/2022\/07\/Platz.jpg 550w, http:\/\/www.modellbau-spiegelwald.de\/wp-content\/uploads\/2022\/07\/Platz-300x262.jpg 300w, http:\/\/www.modellbau-spiegelwald.de\/wp-content\/uploads\/2022\/07\/Platz-124x108.jpg 124w\" sizes=\"auto, (max-width: 550px) 100vw, 550px\" \/><\/a><\/figure>\n\n\n\n<p>Hier ein 60s-Drohnen-Video. Der Anflug erfolgt in westlicher Richtung, im Vordergrund ist die \u201eNeue Gr\u00fcnhainer Stra\u00dfe\u201c zwischen Bernsbach (links) und Gr\u00fcnhain (rechts) zu sehen\u2026<\/p>\n\n\n\n<iframe loading=\"lazy\" src=\"https:\/\/player.vimeo.com\/video\/334612437\" width=\"768\" height=\"432\" frameborder=\"0\" allow=\"autoplay; fullscreen\" allowfullscreen=\"\"><\/iframe>\n\n\n\n<p>Unser Flugplatz hat eine ca. 170m lange, kurz gehaltene Rasenpiste und ist etwa 50m breit. <\/p>\n\n\n\n<p>Auf unserem Modellflugplatz d\u00fcrfen Flugmodelle\/Hubschrauber ohne Antrieb, mit Elektroantrieb, mit Verbrennungsmotoren (bis 80dB\/25m) oder Turbinentriebwerken (bis 90dB\/25m) mit einer Abflugmasse bis 50 kg fliegen.<\/p>\n\n\n\n<p>Geflogen werden darf<br>\u2013 werktags von 8 bis 20 Uhr,<br>\u2013 Sonn- und feiertags von 9 bis 20 Uhr,<br>\u2013 jedoch maximal bis Sonnenuntergang,<br>In der Zeit von 12 bis 14 Uhr (Ortszeit) darf kein Flugbetrieb durchgef\u00fchrt werden.<\/p>\n\n\n\n<p>Unsere Vereinsunterkunft auf dem Flugplatz bietet eine Anschlussm\u00f6glichkeit f\u00fcr g\u00e4ngige Ladeger\u00e4te und Unterstellfl\u00e4chen f\u00fcr Schlechtwettermomente. Kaffee und Cola sind auch vorr\u00e4tig\u2026<\/p>\n","protected":false},"excerpt":{"rendered":"<p>Unser Flugplatz liegt im s\u00e4chsischen Westerzgebirge auf einer H\u00f6he von ca. 700m \u00fcber NN. etwa 300m entfernt von der \u201eNeue Gr\u00fcnhainer Stra\u00dfe\u201c zwischen den Ortsteilen Bernsbach und Gr\u00fcnhain und ist unter folgenden Koordinaten zu finden: 50\u00b0 35\u2032 07\u2033 N ; 12\u00b0 46\u2032 26\u2033 O Hier ein 60s-Drohnen-Video. Der Anflug erfolgt in westlicher Richtung, im Vordergrund &hellip; <a href=\"http:\/\/www.modellbau-spiegelwald.de\/?page_id=51\" class=\"more-link\"><span class=\"screen-reader-text\">Flugplatz<\/span> weiterlesen<\/a><\/p>\n","protected":false},"author":2,"featured_media":0,"parent":0,"menu_order":0,"comment_status":"closed","ping_status":"closed","template":"","meta":{"__cvm_playback_settings":[],"__cvm_video_id":"","footnotes":""},"class_list":["post-51","page","type-page","status-publish","hentry"],"jetpack_sharing_enabled":true,"_links":{"self":[{"href":"http:\/\/www.modellbau-spiegelwald.de\/index.php?rest_route=\/wp\/v2\/pages\/51","targetHints":{"allow":["GET"]}}],"collection":[{"href":"http:\/\/www.modellbau-spiegelwald.de\/index.php?rest_route=\/wp\/v2\/pages"}],"about":[{"href":"http:\/\/www.modellbau-spiegelwald.de\/index.php?rest_route=\/wp\/v2\/types\/page"}],"author":[{"embeddable":true,"href":"http:\/\/www.modellbau-spiegelwald.de\/index.php?rest_route=\/wp\/v2\/users\/2"}],"replies":[{"embeddable":true,"href":"http:\/\/www.modellbau-spiegelwald.de\/index.php?rest_route=%2Fwp%2Fv2%2Fcomments&post=51"}],"version-history":[{"count":12,"href":"http:\/\/www.modellbau-spiegelwald.de\/index.php?rest_route=\/wp\/v2\/pages\/51\/revisions"}],"predecessor-version":[{"id":2293,"href":"http:\/\/www.modellbau-spiegelwald.de\/index.php?rest_route=\/wp\/v2\/pages\/51\/revisions\/2293"}],"wp:attachment":[{"href":"http:\/\/www.modellbau-spiegelwald.de\/index.php?rest_route=%2Fwp%2Fv2%2Fmedia&parent=51"}],"curies":[{"name":"wp","href":"https:\/\/api.w.org\/{rel}","templated":true}]}}